{"id":10,"date":"2017-06-10T15:03:26","date_gmt":"2017-06-10T13:03:26","guid":{"rendered":"http:\/\/localhost\/beroullia\/?page_id=10"},"modified":"2018-01-24T16:04:21","modified_gmt":"2018-01-24T15:04:21","slug":"apartments","status":"publish","type":"page","link":"https:\/\/www.beroullia.com\/hr\/apartments\/","title":{"rendered":"Apartmani"},"content":{"rendered":"<p>Apartmani se sastoje od 2 do 4 sobe. Svaka soba ima WC s tu\u0161om, balkon, ventilator i pogled na more. Tako\u0111er su sobe opremljene s kompletnom posteljinom i ru\u010dnicima. Ru\u010dnici se mijenjaju svaka 3 dana, a posteljina svakih 7 dana. Kuhinja s blagavaonicom je opremljena \u0161tednjakom, hladnjakom, kompletnim posu\u0111em i priborom za jelo. Svaki apartman ima terasu, TV, WiFi, parking i mogu\u0107nost kori\u0161tenja ro\u0161tilja. Ku\u0107a se nalazi na bre\u017euljku, 100 m od mora i pla\u017ee. Svaka ponuda je individualna jer se cijene ra\u010dunaju po osobama.<\/p>\n<p>Na raspolaganju su parking, ro\u0161tilj, SAT TV i WiFi.<\/p>\n<p>Mala trgovina udaljena je 5 minuta od na\u0161e ku\u0107e, kao i \u0161tand s vo\u0107em i povr\u0107em. Centar je udaljen 2 km. Do njega vodi \u0161etali\u0161te uz prekrasnu pla\u017eu (gdje nije dopu\u0161ten promet motornim vozilima), u sjeni stoljetnih borova.<\/p>","protected":false},"excerpt":{"rendered":"<p>Apartmani se sastoje od 2 do 4 sobe. Svaka soba ima WC s tu\u0161om, balkon, ventilator i pogled na more. Tako\u0111er su sobe opremljene s kompletnom posteljinom i ru\u010dnicima. Ru\u010dnici se mijenjaju svaka 3 dana, a posteljina svakih 7 dana. Kuhinja s blagavaonicom je opremljena \u0161tednjakom, hladnjakom, kompletnim posu\u0111em i priborom za jelo. Svaki apartman [&hellip;]<\/p>\n","protected":false},"author":1,"featured_media":0,"parent":0,"menu_order":0,"comment_status":"closed","ping_status":"closed","template":"","meta":{"footnotes":""},"class_list":["post-10","page","type-page","status-publish","hentry"],"yoast_head":"<!-- This site is optimized with the Yoast SEO plugin v24.2 - https:\/\/yoast.com\/wordpress\/plugins\/seo\/ -->\n<title>Apartmani - Beroullia<\/title>\n<meta name=\"robots\" content=\"index, follow, max-snippet:-1, max-image-preview:large, max-video-preview:-1\" \/>\n<link rel=\"canonical\" href=\"https:\/\/www.beroullia.com\/apartments\/\" \/>\n<meta property=\"og:locale\" content=\"hr_HR\" \/>\n<meta property=\"og:type\" content=\"article\" \/>\n<meta property=\"og:title\" content=\"[:en]Apartments[:hr]Apartmani[:] - Beroullia\" \/>\n<meta property=\"og:description\" content=\"Apartmani se sastoje od 2 do 4 sobe. Svaka soba ima WC s tu\u0161om, balkon, ventilator i pogled na more. Tako\u0111er su sobe opremljene s kompletnom posteljinom i ru\u010dnicima. Ru\u010dnici se mijenjaju svaka 3 dana, a posteljina svakih 7 dana. Kuhinja s blagavaonicom je opremljena \u0161tednjakom, hladnjakom, kompletnim posu\u0111em i priborom za jelo. Svaki apartman [&hellip;]\" \/>\n<meta property=\"og:url\" content=\"https:\/\/www.beroullia.com\/apartments\/\" \/>\n<meta property=\"og:site_name\" content=\"Beroullia\" \/>\n<meta property=\"article:modified_time\" content=\"2018-01-24T15:04:21+00:00\" \/>\n<meta name=\"twitter:card\" content=\"summary_large_image\" \/>\n<meta name=\"twitter:label1\" content=\"Procijenjeno vrijeme \u010ditanja\" \/>\n\t<meta name=\"twitter:data1\" content=\"2 minute\" \/>\n<script type=\"application\/ld+json\" class=\"yoast-schema-graph\">{\"@context\":\"https:\/\/schema.org\",\"@graph\":[{\"@type\":\"WebPage\",\"@id\":\"https:\/\/www.beroullia.com\/apartments\/\",\"url\":\"https:\/\/www.beroullia.com\/apartments\/\",\"name\":\"[:en]Apartments[:hr]Apartmani[:] - Beroullia\",\"isPartOf\":{\"@id\":\"https:\/\/www.beroullia.com\/#website\"},\"datePublished\":\"2017-06-10T13:03:26+00:00\",\"dateModified\":\"2018-01-24T15:04:21+00:00\",\"breadcrumb\":{\"@id\":\"https:\/\/www.beroullia.com\/apartments\/#breadcrumb\"},\"inLanguage\":\"hr\",\"potentialAction\":[{\"@type\":\"ReadAction\",\"target\":[\"https:\/\/www.beroullia.com\/apartments\/\"]}]},{\"@type\":\"BreadcrumbList\",\"@id\":\"https:\/\/www.beroullia.com\/apartments\/#breadcrumb\",\"itemListElement\":[{\"@type\":\"ListItem\",\"position\":1,\"name\":\"Home\",\"item\":\"https:\/\/www.beroullia.com\/\"},{\"@type\":\"ListItem\",\"position\":2,\"name\":\"Apartments\"}]},{\"@type\":\"WebSite\",\"@id\":\"https:\/\/www.beroullia.com\/#website\",\"url\":\"https:\/\/www.beroullia.com\/\",\"name\":\"Beroullia\",\"description\":\"Privatni smje\u0161taj u Brelima\",\"potentialAction\":[{\"@type\":\"SearchAction\",\"target\":{\"@type\":\"EntryPoint\",\"urlTemplate\":\"https:\/\/www.beroullia.com\/?s={search_term_string}\"},\"query-input\":{\"@type\":\"PropertyValueSpecification\",\"valueRequired\":true,\"valueName\":\"search_term_string\"}}],\"inLanguage\":\"hr\"}]}<\/script>\n<!-- \/ Yoast SEO plugin. -->","yoast_head_json":{"title":"[:en]Apartments[:hr]Apartmani[:] - Beroullia","robots":{"index":"index","follow":"follow","max-snippet":"max-snippet:-1","max-image-preview":"max-image-preview:large","max-video-preview":"max-video-preview:-1"},"canonical":"https:\/\/www.beroullia.com\/apartments\/","og_locale":"hr_HR","og_type":"article","og_title":"[:en]Apartments[:hr]Apartmani[:] - Beroullia","og_description":"Apartmani se sastoje od 2 do 4 sobe. Svaka soba ima WC s tu\u0161om, balkon, ventilator i pogled na more. Tako\u0111er su sobe opremljene s kompletnom posteljinom i ru\u010dnicima. Ru\u010dnici se mijenjaju svaka 3 dana, a posteljina svakih 7 dana. Kuhinja s blagavaonicom je opremljena \u0161tednjakom, hladnjakom, kompletnim posu\u0111em i priborom za jelo. Svaki apartman [&hellip;]","og_url":"https:\/\/www.beroullia.com\/apartments\/","og_site_name":"Beroullia","article_modified_time":"2018-01-24T15:04:21+00:00","twitter_card":"summary_large_image","twitter_misc":{"Procijenjeno vrijeme \u010ditanja":"2 minute"},"schema":{"@context":"https:\/\/schema.org","@graph":[{"@type":"WebPage","@id":"https:\/\/www.beroullia.com\/apartments\/","url":"https:\/\/www.beroullia.com\/apartments\/","name":"[:en]Apartments[:hr]Apartmani[:] - Beroullia","isPartOf":{"@id":"https:\/\/www.beroullia.com\/#website"},"datePublished":"2017-06-10T13:03:26+00:00","dateModified":"2018-01-24T15:04:21+00:00","breadcrumb":{"@id":"https:\/\/www.beroullia.com\/apartments\/#breadcrumb"},"inLanguage":"hr","potentialAction":[{"@type":"ReadAction","target":["https:\/\/www.beroullia.com\/apartments\/"]}]},{"@type":"BreadcrumbList","@id":"https:\/\/www.beroullia.com\/apartments\/#breadcrumb","itemListElement":[{"@type":"ListItem","position":1,"name":"Home","item":"https:\/\/www.beroullia.com\/"},{"@type":"ListItem","position":2,"name":"Apartments"}]},{"@type":"WebSite","@id":"https:\/\/www.beroullia.com\/#website","url":"https:\/\/www.beroullia.com\/","name":"Beroullia","description":"Privatni smje\u0161taj u Brelima","potentialAction":[{"@type":"SearchAction","target":{"@type":"EntryPoint","urlTemplate":"https:\/\/www.beroullia.com\/?s={search_term_string}"},"query-input":{"@type":"PropertyValueSpecification","valueRequired":true,"valueName":"search_term_string"}}],"inLanguage":"hr"}]}},"_links":{"self":[{"href":"https:\/\/www.beroullia.com\/hr\/wp-json\/wp\/v2\/pages\/10"}],"collection":[{"href":"https:\/\/www.beroullia.com\/hr\/wp-json\/wp\/v2\/pages"}],"about":[{"href":"https:\/\/www.beroullia.com\/hr\/wp-json\/wp\/v2\/types\/page"}],"author":[{"embeddable":true,"href":"https:\/\/www.beroullia.com\/hr\/wp-json\/wp\/v2\/users\/1"}],"replies":[{"embeddable":true,"href":"https:\/\/www.beroullia.com\/hr\/wp-json\/wp\/v2\/comments?post=10"}],"version-history":[{"count":9,"href":"https:\/\/www.beroullia.com\/hr\/wp-json\/wp\/v2\/pages\/10\/revisions"}],"predecessor-version":[{"id":115,"href":"https:\/\/www.beroullia.com\/hr\/wp-json\/wp\/v2\/pages\/10\/revisions\/115"}],"wp:attachment":[{"href":"https:\/\/www.beroullia.com\/hr\/wp-json\/wp\/v2\/media?parent=10"}],"curies":[{"name":"wp","href":"https:\/\/api.w.org\/{rel}","templated":true}]}}